{"id":59,"date":"2026-02-09T23:36:21","date_gmt":"2026-02-09T23:36:21","guid":{"rendered":"https:\/\/polenasesoria.com\/?page_id=59"},"modified":"2026-02-09T23:36:21","modified_gmt":"2026-02-09T23:36:21","slug":"inicio","status":"publish","type":"page","link":"https:\/\/polenasesoria.com\/index.php\/inicio\/","title":{"rendered":"Inicio"},"content":{"rendered":"\n<figure class=\"wp-block-image aligncenter size-full is-resized\"><img loading=\"lazy\" decoding=\"async\" width=\"512\" height=\"512\" src=\"https:\/\/polenasesoria.com\/wp-content\/uploads\/2026\/02\/cropped-cropped-POLEN-2.jpeg\" alt=\"\" class=\"wp-image-48\" style=\"width:150px;height:auto\" srcset=\"https:\/\/polenasesoria.com\/wp-content\/uploads\/2026\/02\/cropped-cropped-POLEN-2.jpeg 512w, https:\/\/polenasesoria.com\/wp-content\/uploads\/2026\/02\/cropped-cropped-POLEN-2-300x300.jpeg 300w, https:\/\/polenasesoria.com\/wp-content\/uploads\/2026\/02\/cropped-cropped-POLEN-2-150x150.jpeg 150w, https:\/\/polenasesoria.com\/wp-content\/uploads\/2026\/02\/cropped-cropped-POLEN-2-270x270.jpeg 270w, https:\/\/polenasesoria.com\/wp-content\/uploads\/2026\/02\/cropped-cropped-POLEN-2-192x192.jpeg 192w, https:\/\/polenasesoria.com\/wp-content\/uploads\/2026\/02\/cropped-cropped-POLEN-2-180x180.jpeg 180w, https:\/\/polenasesoria.com\/wp-content\/uploads\/2026\/02\/cropped-cropped-POLEN-2-32x32.jpeg 32w\" sizes=\"auto, (max-width: 512px) 100vw, 512px\" \/><\/figure>\n\n\n\n<h2 class=\"wp-block-heading\">Portafolio de Servicios Estrat\u00e9gicos<\/h2>\n\n\n\n<h3 class=\"wp-block-heading\">1. Gobierno Corporativo e Institucionalizaci\u00f3n<\/h3>\n\n\n\n<p>Este servicio busca separar la propiedad de la gesti\u00f3n para dar permanencia a la empresa.<\/p>\n\n\n\n<ul class=\"wp-block-list\">\n<li><strong>Constituci\u00f3n de Consejos de Administraci\u00f3n:<\/strong> Creaci\u00f3n y moderaci\u00f3n de \u00f3rganos de decisi\u00f3n.<\/li>\n\n\n\n<li><strong>Protocolos de Sucesi\u00f3n:<\/strong> Planeaci\u00f3n estrat\u00e9gica para el relevo generacional o directivo.<\/li>\n\n\n\n<li><strong>Dise\u00f1o de Estructuras Organizacionales:<\/strong> Definici\u00f3n de jerarqu\u00edas, roles y responsabilidades (C-Suite).<\/li>\n<\/ul>\n\n\n\n<h3 class=\"wp-block-heading\">2. Direcci\u00f3n y Gesti\u00f3n Administrativa Integral<\/h3>\n\n\n\n<p>Tomamos el control de la maquinaria administrativa para que los accionistas se enfoquen en el <em>core business<\/em>.<\/p>\n\n\n\n<ul class=\"wp-block-list\">\n<li><strong>Administraci\u00f3n de Unidades de Negocio:<\/strong> Supervisi\u00f3n y control de m\u00faltiples sedes o filiales.<\/li>\n\n\n\n<li><strong>Optimizaci\u00f3n de Procesos Operativos:<\/strong> Reingenier\u00eda de flujos de trabajo para eliminar cuellos de botella.<\/li>\n\n\n\n<li><strong>Gesti\u00f3n de Recursos y Activos:<\/strong> Administraci\u00f3n eficiente de activos fijos, inventarios y proveedur\u00eda estrat\u00e9gica.<\/li>\n<\/ul>\n\n\n\n<h3 class=\"wp-block-heading\">3. Control de Gesti\u00f3n y Vigilancia (Compliance)<\/h3>\n\n\n\n<p>Protegemos el patrimonio mediante la supervisi\u00f3n constante y el cumplimiento normativo.<\/p>\n\n\n\n<ul class=\"wp-block-list\">\n<li><strong>Auditor\u00eda Administrativa Interna:<\/strong> Revisi\u00f3n profunda de procesos para detectar fugas o ineficiencias.<\/li>\n\n\n\n<li><strong>Tableros de Control (KPIs):<\/strong> Implementaci\u00f3n de indicadores clave para monitorear el rendimiento en tiempo real.<\/li>\n\n\n\n<li><strong>Gesti\u00f3n de Riesgos Corporativos:<\/strong> Identificaci\u00f3n y mitigaci\u00f3n de riesgos operativos, legales y reputacionales.<\/li>\n<\/ul>\n\n\n\n<h3 class=\"wp-block-heading\">4. Consultor\u00eda en Expansi\u00f3n y Estrategia<\/h3>\n\n\n\n<p>Apoyamos el crecimiento ordenado de la corporaci\u00f3n.<\/p>\n\n\n\n<ul class=\"wp-block-list\">\n<li><strong>Evaluaci\u00f3n de Proyectos de Inversi\u00f3n:<\/strong> An\u00e1lisis de viabilidad administrativa para nuevas aperturas o adquisiciones.<\/li>\n\n\n\n<li><strong>Estandarizaci\u00f3n para Franquicias o Replicabilidad:<\/strong> Creaci\u00f3n de manuales de operaci\u00f3n para escalar el modelo de negocio.<\/li>\n\n\n\n<li><strong>Fusi\u00f3n e Integraci\u00f3n Corporativa:<\/strong> Acompa\u00f1amiento en la unificaci\u00f3n de culturas y procesos tras una compra o fusi\u00f3n.<\/li>\n<\/ul>\n","protected":false},"excerpt":{"rendered":"<p>Portafolio de Servicios Estrat\u00e9gicos 1. Gobierno Corporativo e Institucionalizaci\u00f3n Este servicio busca separar la propiedad de la gesti\u00f3n para dar permanencia a la empresa. 2. Direcci\u00f3n y Gesti\u00f3n Administrativa Integral [&hellip;]<\/p>\n","protected":false},"author":1,"featured_media":0,"parent":0,"menu_order":0,"comment_status":"closed","ping_status":"closed","template":"","meta":{"footnotes":""},"class_list":["post-59","page","type-page","status-publish","hentry"],"_links":{"self":[{"href":"https:\/\/polenasesoria.com\/index.php\/wp-json\/wp\/v2\/pages\/59","targetHints":{"allow":["GET"]}}],"collection":[{"href":"https:\/\/polenasesoria.com\/index.php\/wp-json\/wp\/v2\/pages"}],"about":[{"href":"https:\/\/polenasesoria.com\/index.php\/wp-json\/wp\/v2\/types\/page"}],"author":[{"embeddable":true,"href":"https:\/\/polenasesoria.com\/index.php\/wp-json\/wp\/v2\/users\/1"}],"replies":[{"embeddable":true,"href":"https:\/\/polenasesoria.com\/index.php\/wp-json\/wp\/v2\/comments?post=59"}],"version-history":[{"count":1,"href":"https:\/\/polenasesoria.com\/index.php\/wp-json\/wp\/v2\/pages\/59\/revisions"}],"predecessor-version":[{"id":60,"href":"https:\/\/polenasesoria.com\/index.php\/wp-json\/wp\/v2\/pages\/59\/revisions\/60"}],"wp:attachment":[{"href":"https:\/\/polenasesoria.com\/index.php\/wp-json\/wp\/v2\/media?parent=59"}],"curies":[{"name":"wp","href":"https:\/\/api.w.org\/{rel}","templated":true}]}}