{"id":51,"date":"2026-02-09T23:14:28","date_gmt":"2026-02-09T23:14:28","guid":{"rendered":"https:\/\/polenasesoria.com\/?page_id=51"},"modified":"2026-02-09T23:46:27","modified_gmt":"2026-02-09T23:46:27","slug":"contratanos","status":"publish","type":"page","link":"https:\/\/polenasesoria.com\/index.php\/contratanos\/","title":{"rendered":"Contratanos"},"content":{"rendered":"\n<figure class=\"wp-block-image aligncenter size-large is-resized\"><img loading=\"lazy\" decoding=\"async\" width=\"1024\" height=\"329\" src=\"https:\/\/polenasesoria.com\/wp-content\/uploads\/2026\/02\/cropped-POLEN-2-1024x329.jpeg\" alt=\"\" class=\"wp-image-46\" style=\"aspect-ratio:3.112618493500596;width:198px;height:auto\" srcset=\"https:\/\/polenasesoria.com\/wp-content\/uploads\/2026\/02\/cropped-POLEN-2-1024x329.jpeg 1024w, https:\/\/polenasesoria.com\/wp-content\/uploads\/2026\/02\/cropped-POLEN-2-300x96.jpeg 300w, https:\/\/polenasesoria.com\/wp-content\/uploads\/2026\/02\/cropped-POLEN-2-768x246.jpeg 768w, https:\/\/polenasesoria.com\/wp-content\/uploads\/2026\/02\/cropped-POLEN-2-1536x493.jpeg 1536w, https:\/\/polenasesoria.com\/wp-content\/uploads\/2026\/02\/cropped-POLEN-2.jpeg 1552w\" sizes=\"auto, (max-width: 1024px) 100vw, 1024px\" \/><\/figure>\n\n\n\n<p class=\"has-text-align-center\"><strong>\u00abHablemos del futuro de su organizaci\u00f3n.\u00bb<\/strong><\/p>\n\n\n\n<p>Dar el paso hacia la institucionalizaci\u00f3n es la decisi\u00f3n m\u00e1s rentable que puede tomar hoy. Perm\u00edtanos ser el motor que impulse su estructura administrativa hacia el siguiente nivel.<\/p>\n\n\n\n<ul class=\"wp-block-list\">\n<li><strong>Agende una sesi\u00f3n de diagn\u00f3stico inicial:<\/strong> Analicemos juntos los retos actuales de su corporativo y dise\u00f1emos una hoja de ruta a su medida.<\/li>\n\n\n\n<li><strong>Contacto Directo:<\/strong> 331024-9800<\/li>\n\n\n\n<li><strong>Correo Electr\u00f3nico:<\/strong> polenasesoria@gmail.com<\/li>\n<\/ul>\n","protected":false},"excerpt":{"rendered":"<p>\u00abHablemos del futuro de su organizaci\u00f3n.\u00bb Dar el paso hacia la institucionalizaci\u00f3n es la decisi\u00f3n m\u00e1s rentable que puede tomar hoy. Perm\u00edtanos ser el motor que impulse su estructura administrativa [&hellip;]<\/p>\n","protected":false},"author":1,"featured_media":0,"parent":0,"menu_order":0,"comment_status":"closed","ping_status":"closed","template":"","meta":{"footnotes":""},"class_list":["post-51","page","type-page","status-publish","hentry"],"_links":{"self":[{"href":"https:\/\/polenasesoria.com\/index.php\/wp-json\/wp\/v2\/pages\/51","targetHints":{"allow":["GET"]}}],"collection":[{"href":"https:\/\/polenasesoria.com\/index.php\/wp-json\/wp\/v2\/pages"}],"about":[{"href":"https:\/\/polenasesoria.com\/index.php\/wp-json\/wp\/v2\/types\/page"}],"author":[{"embeddable":true,"href":"https:\/\/polenasesoria.com\/index.php\/wp-json\/wp\/v2\/users\/1"}],"replies":[{"embeddable":true,"href":"https:\/\/polenasesoria.com\/index.php\/wp-json\/wp\/v2\/comments?post=51"}],"version-history":[{"count":2,"href":"https:\/\/polenasesoria.com\/index.php\/wp-json\/wp\/v2\/pages\/51\/revisions"}],"predecessor-version":[{"id":69,"href":"https:\/\/polenasesoria.com\/index.php\/wp-json\/wp\/v2\/pages\/51\/revisions\/69"}],"wp:attachment":[{"href":"https:\/\/polenasesoria.com\/index.php\/wp-json\/wp\/v2\/media?parent=51"}],"curies":[{"name":"wp","href":"https:\/\/api.w.org\/{rel}","templated":true}]}}