{"id":39,"date":"2026-02-09T22:56:55","date_gmt":"2026-02-09T22:56:55","guid":{"rendered":"https:\/\/polenasesoria.com\/?page_id=39"},"modified":"2026-02-09T22:56:55","modified_gmt":"2026-02-09T22:56:55","slug":"nosotros","status":"publish","type":"page","link":"https:\/\/polenasesoria.com\/index.php\/nosotros\/","title":{"rendered":"Nosotros"},"content":{"rendered":"\n<p class=\"has-text-align-center\"><strong>\u00abSomos los arquitectos de la continuidad corporativa.\u00bb<\/strong><\/p>\n\n\n\n<p>En <strong>POLEN ASESORIA<\/strong>, nos especializamos en la direcci\u00f3n y administraci\u00f3n estrat\u00e9gica de corporativos y empresas del sector no financiero. Nuestra misi\u00f3n es transformar la complejidad operativa en estructuras de gobierno s\u00f3lidas, eficientes y escalables.<\/p>\n\n\n\n<p>No solo asesoramos; nos integramos en la visi\u00f3n de los accionistas para institucionalizar procesos, mitigar riesgos y asegurar que la organizaci\u00f3n funcione con los m\u00e1s altos est\u00e1ndares de excelencia, independientemente de su tama\u00f1o o sector. Creemos que una administraci\u00f3n impecable es el \u00fanico camino hacia el valor sostenible.<\/p>\n","protected":false},"excerpt":{"rendered":"<p>\u00abSomos los arquitectos de la continuidad corporativa.\u00bb En POLEN ASESORIA, nos especializamos en la direcci\u00f3n y administraci\u00f3n estrat\u00e9gica de corporativos y empresas del sector no financiero. Nuestra misi\u00f3n es transformar [&hellip;]<\/p>\n","protected":false},"author":1,"featured_media":0,"parent":0,"menu_order":0,"comment_status":"closed","ping_status":"closed","template":"","meta":{"footnotes":""},"class_list":["post-39","page","type-page","status-publish","hentry"],"_links":{"self":[{"href":"https:\/\/polenasesoria.com\/index.php\/wp-json\/wp\/v2\/pages\/39","targetHints":{"allow":["GET"]}}],"collection":[{"href":"https:\/\/polenasesoria.com\/index.php\/wp-json\/wp\/v2\/pages"}],"about":[{"href":"https:\/\/polenasesoria.com\/index.php\/wp-json\/wp\/v2\/types\/page"}],"author":[{"embeddable":true,"href":"https:\/\/polenasesoria.com\/index.php\/wp-json\/wp\/v2\/users\/1"}],"replies":[{"embeddable":true,"href":"https:\/\/polenasesoria.com\/index.php\/wp-json\/wp\/v2\/comments?post=39"}],"version-history":[{"count":1,"href":"https:\/\/polenasesoria.com\/index.php\/wp-json\/wp\/v2\/pages\/39\/revisions"}],"predecessor-version":[{"id":40,"href":"https:\/\/polenasesoria.com\/index.php\/wp-json\/wp\/v2\/pages\/39\/revisions\/40"}],"wp:attachment":[{"href":"https:\/\/polenasesoria.com\/index.php\/wp-json\/wp\/v2\/media?parent=39"}],"curies":[{"name":"wp","href":"https:\/\/api.w.org\/{rel}","templated":true}]}}