{"id":15,"date":"2026-02-09T19:48:52","date_gmt":"2026-02-09T19:48:52","guid":{"rendered":"https:\/\/polenasesoria.com\/?page_id=15"},"modified":"2026-02-09T20:46:44","modified_gmt":"2026-02-09T20:46:44","slug":"servicios","status":"publish","type":"page","link":"https:\/\/polenasesoria.com\/index.php\/servicios\/","title":{"rendered":"Servicios"},"content":{"rendered":"\n<p class=\"has-text-align-center\"><strong>Servicios de consultor\u00eda en administraci\u00f3n<\/strong><\/p>\n\n\n\n<p><strong>Institucionalizaci\u00f3n de Procesos:<\/strong> Dejamos de depender de la memoria de las personas para depender de sistemas eficientes. Creamos manuales y flujos que funcionan solos.<\/p>\n\n\n\n<p><strong>Optimizaci\u00f3n de Recursos:<\/strong> Identificamos fugas de capital y tiempo. Hacemos que tu empresa produzca m\u00e1s con lo que ya tiene.<\/p>\n\n\n\n<p><strong>Visibilidad Directiva:<\/strong> Implementamos tableros de control (KPIs) para que dejes de dirigir \u00abpor intuici\u00f3n\u00bb y comiences a decidir con datos reales.<\/p>\n\n\n\n<p><\/p>\n\n\n\n<p class=\"has-text-align-center\"><strong> Direcci\u00f3n de corporativos y empresas no financieras.<\/strong><\/p>\n\n\n\n<p><strong>Gobierno Corporativo:<\/strong> Dise\u00f1amos y profesionalizamos el Consejo de Administraci\u00f3n para separar la propiedad de la gesti\u00f3n.<\/p>\n\n\n\n<p><strong>Sucesi\u00f3n y Continuidad:<\/strong> Blindamos el futuro de la organizaci\u00f3n mediante protocolos de sucesi\u00f3n y planes de carrera para posiciones clave (C-Suite).<\/p>\n\n\n\n<p><strong>Alineaci\u00f3n Estrat\u00e9gica:<\/strong> Aseguramos que los objetivos de los accionistas se traduzcan en indicadores de desempe\u00f1o (KPIs) ejecutables por la direcci\u00f3n general.<\/p>\n\n\n\n<p><\/p>\n\n\n\n<p class=\"has-text-align-center\"> <strong>Servicios de administraci\u00f3n de negocios<\/strong><\/p>\n\n\n\n<h3 class=\"wp-block-heading\">1. Visi\u00f3n de Alta Direcci\u00f3n (C-Level Focus)<\/h3>\n\n\n\n<p>A diferencia de las consultor\u00edas tradicionales que se enfocan solo en la operaci\u00f3n, nosotros administramos con mentalidad de <strong>Directorio<\/strong>. Entendemos que la administraci\u00f3n no es solo \u00abordenar\u00bb, es gestionar recursos para generar valor a los accionistas.<\/p>\n\n\n\n<h3 class=\"wp-block-heading\">2. Metodolog\u00eda de Institucionalizaci\u00f3n<\/h3>\n\n\n\n<p>Transformamos negocios dependientes de sus due\u00f1os en <strong>instituciones s\u00f3lidas<\/strong>.<\/p>\n\n\n\n<ul class=\"wp-block-list\">\n<li><strong>Procesos Escalables:<\/strong> Dise\u00f1amos estructuras que permiten el crecimiento sin perder el control.<\/li>\n\n\n\n<li><strong>Gobierno Corporativo:<\/strong> Implementamos reglas claras para la toma de decisiones, asegurando la transparencia y la rendici\u00f3n de cuentas.<\/li>\n<\/ul>\n\n\n\n<h3 class=\"wp-block-heading\">3. Optimizaci\u00f3n del Ciclo Administrativo<\/h3>\n\n\n\n<p>Aplicamos un modelo de gesti\u00f3n integral que garantiza que cada recurso (humano, material y t\u00e9cnico) est\u00e9 alineado con la estrategia general del corporativo.<\/p>\n\n\n\n<h3 class=\"wp-block-heading\">4. Mitigaci\u00f3n de Riesgos No Financieros<\/h3>\n\n\n\n<p>En sectores industriales, comerciales o de servicios, los riesgos operativos pueden ser devastadores. Nuestra administraci\u00f3n incluye:<\/p>\n\n\n\n<ul class=\"wp-block-list\">\n<li><strong>Auditor\u00eda de Procesos:<\/strong> Identificaci\u00f3n preventiva de cuellos de botella y fugas de recursos.<\/li>\n\n\n\n<li><strong>Gesti\u00f3n de Cumplimiento (Compliance):<\/strong> Aseguramos que la administraci\u00f3n cumpla con todas las normativas legales y operativas vigentes.<\/li>\n<\/ul>\n","protected":false},"excerpt":{"rendered":"<p>Servicios de consultor\u00eda en administraci\u00f3n Institucionalizaci\u00f3n de Procesos: Dejamos de depender de la memoria de las personas para depender de sistemas eficientes. Creamos manuales y flujos que funcionan solos. Optimizaci\u00f3n [&hellip;]<\/p>\n","protected":false},"author":1,"featured_media":0,"parent":0,"menu_order":0,"comment_status":"closed","ping_status":"closed","template":"","meta":{"footnotes":""},"class_list":["post-15","page","type-page","status-publish","hentry"],"_links":{"self":[{"href":"https:\/\/polenasesoria.com\/index.php\/wp-json\/wp\/v2\/pages\/15","targetHints":{"allow":["GET"]}}],"collection":[{"href":"https:\/\/polenasesoria.com\/index.php\/wp-json\/wp\/v2\/pages"}],"about":[{"href":"https:\/\/polenasesoria.com\/index.php\/wp-json\/wp\/v2\/types\/page"}],"author":[{"embeddable":true,"href":"https:\/\/polenasesoria.com\/index.php\/wp-json\/wp\/v2\/users\/1"}],"replies":[{"embeddable":true,"href":"https:\/\/polenasesoria.com\/index.php\/wp-json\/wp\/v2\/comments?post=15"}],"version-history":[{"count":3,"href":"https:\/\/polenasesoria.com\/index.php\/wp-json\/wp\/v2\/pages\/15\/revisions"}],"predecessor-version":[{"id":35,"href":"https:\/\/polenasesoria.com\/index.php\/wp-json\/wp\/v2\/pages\/15\/revisions\/35"}],"wp:attachment":[{"href":"https:\/\/polenasesoria.com\/index.php\/wp-json\/wp\/v2\/media?parent=15"}],"curies":[{"name":"wp","href":"https:\/\/api.w.org\/{rel}","templated":true}]}}